{"id":20781,"date":"2022-08-29T04:53:04","date_gmt":"2022-08-29T04:53:04","guid":{"rendered":"https:\/\/charismahotel.com\/iletisim\/"},"modified":"2026-04-04T07:52:36","modified_gmt":"2026-04-04T07:52:36","slug":"iletisim","status":"publish","type":"page","link":"https:\/\/charismahotel.com\/tr\/iletisim\/","title":{"rendered":"\u0130leti\u015fim"},"content":{"rendered":"\t\t<div data-elementor-type=\"wp-page\" data-elementor-id=\"20781\" class=\"elementor elementor-20781 elementor-243\">\n\t\t\t\t        <section class=\"elementor-section elementor-top-section elementor-element elementor-element-114beef elementor-section-full_width elementor-section-content-middle elementor-section-height-default elementor-section-height-default pxl-section-offset-none pxl-section-static-pos-no pxl-section-overflow-hidden-no pxl-container-margin-auto-no\" data-id=\"114beef\" data-element_type=\"section\">\n\n                \n                <div class=\"elementor-container elementor-column-gap-no \">\n                <div class=\"elementor-column elementor-col-50 elementor-top-column elementor-element elementor-element-fbd04b9 col-offset-none pxl-column-element-default pxl-column-overflow-hidden-no\" data-id=\"fbd04b9\" data-element_type=\"column\">\r\n        <div class=\"elementor-widget-wrap elementor-element-populated\">\r\n                    \t\t<div class=\"elementor-element elementor-element-2c0974d elementor-widget elementor-widget-html\" data-id=\"2c0974d\" data-element_type=\"widget\" data-widget_type=\"html.default\">\n\t\t\t\t<div class=\"elementor-widget-container\">\n\t\t\t\t\t<iframe src=\"https:\/\/www.google.com\/maps\/embed?pb=!1m18!1m12!1m3!1d3149.3703881036868!2d27.26256957621182!3d37.875019906378604!2m3!1f0!2f0!3f0!3m2!1i1024!2i768!4f13.1!3m3!1m2!1s0x14bbd8f6c8cdbdcf%3A0x8ea91fca27ae93e5!2sCharisma%20De%20Luxe%20Hotel!5e0!3m2!1sen!2str!4v1740402276755!5m2!1sen!2str\" width=\"100%\" height=\"100%\" style=\"border:0;width:100%;min-height:750px;height:100%\" allowfullscreen=\"\" loading=\"lazy\" referrerpolicy=\"no-referrer-when-downgrade\"><\/iframe>\t\t\t\t<\/div>\n\t\t\t\t<\/div>\n\t\t                    <\/div>\r\n        <\/div>\r\n                <div class=\"elementor-column elementor-col-50 elementor-top-column elementor-element elementor-element-2aaea6f col-offset-none pxl-column-element-default pxl-column-overflow-hidden-no\" data-id=\"2aaea6f\" data-element_type=\"column\">\r\n        <div class=\"elementor-widget-wrap elementor-element-populated\">\r\n                    \t\t<div class=\"elementor-element elementor-element-058dce7 elementor-invisible pxl-elementor-animate elementor-widget elementor-widget-pxl_heading\" data-id=\"058dce7\" data-element_type=\"widget\" data-settings=\"{&quot;_animation&quot;:&quot;fadeInUp&quot;}\" data-widget_type=\"pxl_heading.default\">\n\t\t\t\t<div class=\"elementor-widget-container\">\n\t\t\t\t\t<div class=\"pxl-heading-wrap d-flex\">\n    <div class=\"pxl-heading-inner  \">\n                <h3 class=\"heading-title\">\n                        Bize Nas\u0131l Ula\u015f\u0131rs\u0131n\u0131z ?         <\/h3>\n            <\/div>\n<\/div>\n\n\t\t\t\t<\/div>\n\t\t\t\t<\/div>\n\t\t\t\t<div class=\"elementor-element elementor-element-a719651 elementor-invisible pxl-elementor-animate elementor-widget elementor-widget-pxl_text_editor\" data-id=\"a719651\" data-element_type=\"widget\" data-settings=\"{&quot;_animation&quot;:&quot;fadeInUp&quot;}\" data-widget_type=\"pxl_text_editor.default\">\n\t\t\t\t<div class=\"elementor-widget-container\">\n\t\t\t\t\t<div id=\"pxl_text_editor-a719651-5190\" class=\"pxl-text-editor-wrap d-flex \" >\n\t<div class=\"pxl-text-editor elementor-clearfix\">\n\t\t<p>Sorular\u0131n\u0131z \u0130\u00e7in G\u00fcn\u00fcn Her Saati Bize Ula\u015fabilirsiniz.<\/p>\t\t\n\t<\/div>\n<\/div>\t\t\t\t<\/div>\n\t\t\t\t<\/div>\n\t\t\t\t<div class=\"elementor-element elementor-element-aecd21e pxl-contact-info-layout-1 elementor-invisible pxl-elementor-animate elementor-widget elementor-widget-pxl_contact_info\" data-id=\"aecd21e\" data-element_type=\"widget\" data-settings=\"{&quot;_animation&quot;:&quot;fadeInUp&quot;}\" data-widget_type=\"pxl_contact_info.default\">\n\t\t\t\t<div class=\"elementor-widget-container\">\n\t\t\t\t\t<div class=\"pxl-ci-wrap layout-1 relative \">\r\n\t<div class=\"ci-content-wrap d-flex align-items-center\">\r\n\t\t            <div class=\"ci-icon\">\r\n                <span aria-hidden=\"true\" class=\"pxl-icon cmli cmli-noun-location\"><\/span>            <\/div>\r\n        \t\t<div class=\"ci-content\">\r\n\t\t\t\t\t\t\t<h4 class=\"ci-title\">Lokasyon<\/h4> \r\n\t\t\t\t\t\t\t\t\t\t<div class=\"ci-desc\">T\u00fcrkmen Mah.Gazibe\u011fendi Bulvar\u0131  No :13\/Z01<br \/>\nKu\u015fadas\u0131 \/ AYDIN <\/div> \r\n\t\t\t\t\t\t\t\t<\/div>\r\n\t<\/div>\r\n<\/div>\t\t\t\t<\/div>\n\t\t\t\t<\/div>\n\t\t\t\t<div class=\"elementor-element elementor-element-57ee580 pxl-contact-info-layout-1 elementor-invisible pxl-elementor-animate elementor-widget elementor-widget-pxl_contact_info\" data-id=\"57ee580\" data-element_type=\"widget\" data-settings=\"{&quot;_animation&quot;:&quot;fadeInUp&quot;}\" data-widget_type=\"pxl_contact_info.default\">\n\t\t\t\t<div class=\"elementor-widget-container\">\n\t\t\t\t\t<div class=\"pxl-ci-wrap layout-1 relative \">\r\n\t<div class=\"ci-content-wrap d-flex align-items-center\">\r\n\t\t            <div class=\"ci-icon\">\r\n                <span aria-hidden=\"true\" class=\"pxl-icon cmli cmli-noun-bell\"><\/span>            <\/div>\r\n        \t\t<div class=\"ci-content\">\r\n\t\t\t\t\t\t\t<h4 class=\"ci-title\">Rezervasyon<\/h4> \r\n\t\t\t\t\t\t\t\t\t\t<div class=\"ci-desc\">Telefon: <a href=\"tel:2566333838\">+90 256 633 3838<\/a> <br \/>\nTelefon: <a href=\"tel:2566334444\">+90 256 633 4444<\/a> <br \/>\nEmail: <a href=\"info@charismahotel.com\">info@charismahotel.com<\/a><a href=\"https:\/\/wa.me\/905368348750\" target=\"_blank\" style=\"color:#25D366;\"><br \/>\nWhatsApp'tan mesaj g\u00f6nder<br \/>\n<\/a><\/div> \r\n\t\t\t\t\t\t\t\t<\/div>\r\n\t<\/div>\r\n<\/div>\t\t\t\t<\/div>\n\t\t\t\t<\/div>\n\t\t\t\t<div class=\"elementor-element elementor-element-2e2aecb pxl-contact-info-layout-1 elementor-invisible pxl-elementor-animate elementor-widget elementor-widget-pxl_contact_info\" data-id=\"2e2aecb\" data-element_type=\"widget\" data-settings=\"{&quot;_animation&quot;:&quot;fadeInUp&quot;}\" data-widget_type=\"pxl_contact_info.default\">\n\t\t\t\t<div class=\"elementor-widget-container\">\n\t\t\t\t\t<div class=\"pxl-ci-wrap layout-1 relative \">\r\n\t<div class=\"ci-content-wrap d-flex align-items-center\">\r\n\t\t            <div class=\"ci-icon\">\r\n                <span aria-hidden=\"true\" class=\"pxl-icon cmli cmli-noun-talk\"><\/span>            <\/div>\r\n        \t\t<div class=\"ci-content\">\r\n\t\t\t\t\t\t\t<h4 class=\"ci-title\">Sosyal Medya Hesaplar\u0131m\u0131z<\/h4> \r\n\t\t\t\t\t\t\t\t\t\t<div class=\"ci-desc\">\u0130leti\u015fimde kal\u0131n ve bizi sosyal medyadan takip edin.<\/div> \r\n\t\t\t\t\t\t\t\t\t\t<div class=\"ci-social d-flex margin gx-12\">\r\n\t\t\t\t<a aria-hidden=\"true\" class=\"social-item pxl-icon fab fa-facebook-f\" href=\"https:\/\/www.facebook.com\/kusadasi.hotels\" target=\"_blank\"><\/a><a aria-hidden=\"true\" class=\"social-item pxl-icon fab fa-instagram\" href=\"https:\/\/www.instagram.com\/charismahotel\/\" target=\"_blank\"><\/a><a aria-hidden=\"true\" class=\"social-item pxl-icon fab fa-linkedin\" href=\"https:\/\/tr.linkedin.com\/company\/charisma-deluxe-hotel\" target=\"_blank\"><\/a>\t\t\t\t<\/div>\r\n\t\t\t\t\t<\/div>\r\n\t<\/div>\r\n<\/div>\t\t\t\t<\/div>\n\t\t\t\t<\/div>\n\t\t                    <\/div>\r\n        <\/div>\r\n        \t\t\t<\/div>\n\t\t<\/section>\n\t\t\t\t<\/div>\n\t\t","protected":false},"excerpt":{"rendered":"<p>Bize Nas\u0131l Ula\u015f\u0131rs\u0131n\u0131z ? Sorular\u0131n\u0131z \u0130\u00e7in G\u00fcn\u00fcn Her Saati Bize Ula\u015fabilirsiniz. Lokasyon T\u00fcrkmen Mah.Gazibe\u011fendi Bulvar\u0131 No :13\/Z01 Ku\u015fadas\u0131 \/ AYDIN Rezervasyon Telefon: +90 256 633 3838 Telefon: +90 256 633 4444 Email: info@charismahotel.com WhatsApp&#8217;tan mesaj g\u00f6nder Sosyal Medya Hesaplar\u0131m\u0131z \u0130leti\u015fimde kal\u0131n ve bizi sosyal medyadan takip edin.<\/p>\n","protected":false},"author":1,"featured_media":22135,"parent":0,"menu_order":0,"comment_status":"closed","ping_status":"closed","template":"","meta":{"_uag_custom_page_level_css":"","_monsterinsights_skip_tracking":false,"_monsterinsights_sitenote_active":false,"_monsterinsights_sitenote_note":"","_monsterinsights_sitenote_category":0,"footnotes":""},"class_list":["post-20781","page","type-page","status-publish","has-post-thumbnail","hentry"],"aioseo_notices":[],"uagb_featured_image_src":{"full":["https:\/\/charismahotel.com\/wp-content\/uploads\/2026\/04\/contaact.jpg",1200,530,false],"thumbnail":["https:\/\/charismahotel.com\/wp-content\/uploads\/2026\/04\/contaact-300x300.jpg",300,300,true],"medium":["https:\/\/charismahotel.com\/wp-content\/uploads\/2026\/04\/contaact-740x530.jpg",740,530,true],"medium_large":["https:\/\/charismahotel.com\/wp-content\/uploads\/2026\/04\/contaact-768x339.jpg",768,339,true],"large":["https:\/\/charismahotel.com\/wp-content\/uploads\/2026\/04\/contaact-1078x530.jpg",1078,530,true],"1536x1536":["https:\/\/charismahotel.com\/wp-content\/uploads\/2026\/04\/contaact.jpg",1200,530,false],"2048x2048":["https:\/\/charismahotel.com\/wp-content\/uploads\/2026\/04\/contaact.jpg",1200,530,false],"post-thumbnail":["https:\/\/charismahotel.com\/wp-content\/uploads\/2026\/04\/contaact-1170x517.jpg",1170,517,true],"thumbnail-rect":["https:\/\/charismahotel.com\/wp-content\/uploads\/2026\/04\/contaact-228x246.jpg",228,246,true],"user-profile":["https:\/\/charismahotel.com\/wp-content\/uploads\/2026\/04\/contaact-360x436.jpg",360,436,true],"woocommerce_thumbnail":["https:\/\/charismahotel.com\/wp-content\/uploads\/2026\/04\/contaact-300x300.jpg",300,300,true],"woocommerce_single":["https:\/\/charismahotel.com\/wp-content\/uploads\/2026\/04\/contaact-600x265.jpg",600,265,true],"woocommerce_gallery_thumbnail":["https:\/\/charismahotel.com\/wp-content\/uploads\/2026\/04\/contaact-100x100.jpg",100,100,true]},"uagb_author_info":{"display_name":"charisma_admin","author_link":"https:\/\/charismahotel.com\/tr\/author\/charisma_admin\/"},"uagb_comment_info":0,"uagb_excerpt":"Bize Nas\u0131l Ula\u015f\u0131rs\u0131n\u0131z ? Sorular\u0131n\u0131z \u0130\u00e7in G\u00fcn\u00fcn Her Saati Bize Ula\u015fabilirsiniz. Lokasyon T\u00fcrkmen Mah.Gazibe\u011fendi Bulvar\u0131 No :13\/Z01 Ku\u015fadas\u0131 \/ AYDIN Rezervasyon Telefon: +90 256 633 3838 Telefon: +90 256 633 4444 Email: info@charismahotel.com WhatsApp&#8217;tan mesaj g\u00f6nder Sosyal Medya Hesaplar\u0131m\u0131z \u0130leti\u015fimde kal\u0131n ve bizi sosyal medyadan takip edin.","_links":{"self":[{"href":"https:\/\/charismahotel.com\/tr\/wp-json\/wp\/v2\/pages\/20781","targetHints":{"allow":["GET"]}}],"collection":[{"href":"https:\/\/charismahotel.com\/tr\/wp-json\/wp\/v2\/pages"}],"about":[{"href":"https:\/\/charismahotel.com\/tr\/wp-json\/wp\/v2\/types\/page"}],"author":[{"embeddable":true,"href":"https:\/\/charismahotel.com\/tr\/wp-json\/wp\/v2\/users\/1"}],"replies":[{"embeddable":true,"href":"https:\/\/charismahotel.com\/tr\/wp-json\/wp\/v2\/comments?post=20781"}],"version-history":[{"count":9,"href":"https:\/\/charismahotel.com\/tr\/wp-json\/wp\/v2\/pages\/20781\/revisions"}],"predecessor-version":[{"id":22138,"href":"https:\/\/charismahotel.com\/tr\/wp-json\/wp\/v2\/pages\/20781\/revisions\/22138"}],"wp:featuredmedia":[{"embeddable":true,"href":"https:\/\/charismahotel.com\/tr\/wp-json\/wp\/v2\/media\/22135"}],"wp:attachment":[{"href":"https:\/\/charismahotel.com\/tr\/wp-json\/wp\/v2\/media?parent=20781"}],"curies":[{"name":"wp","href":"https:\/\/api.w.org\/{rel}","templated":true}]}}