{"id":20819,"date":"2024-04-02T00:45:32","date_gmt":"2024-04-02T00:45:32","guid":{"rendered":"https:\/\/charismahotel.com\/toplanti-salonlari\/"},"modified":"2026-03-26T14:02:32","modified_gmt":"2026-03-26T14:02:32","slug":"toplanti-salonlari","status":"publish","type":"page","link":"https:\/\/charismahotel.com\/tr\/toplanti-salonlari\/","title":{"rendered":"Toplant\u0131 Salonlar\u0131"},"content":{"rendered":"\t\t<div data-elementor-type=\"wp-page\" data-elementor-id=\"20819\" class=\"elementor elementor-20819 elementor-12057\">\n\t\t\t\t        <section class=\"elementor-section elementor-top-section elementor-element elementor-element-668f196 elementor-section-boxed elementor-section-height-default elementor-section-height-default pxl-section-static-pos-no pxl-section-overflow-hidden-no pxl-container-margin-auto-no\" data-id=\"668f196\" data-element_type=\"section\">\n\n                \n                <div class=\"elementor-container elementor-column-gap-default \">\n                <div class=\"elementor-column elementor-col-100 elementor-top-column elementor-element elementor-element-b977a3e col-offset-none pxl-column-element-default pxl-column-overflow-hidden-no\" data-id=\"b977a3e\" data-element_type=\"column\">\r\n        <div class=\"elementor-widget-wrap elementor-element-populated\">\r\n                    \t\t<div class=\"elementor-element elementor-element-a034fcd elementor-widget elementor-widget-pxl_heading\" data-id=\"a034fcd\" data-element_type=\"widget\" data-widget_type=\"pxl_heading.default\">\n\t\t\t\t<div class=\"elementor-widget-container\">\n\t\t\t\t\t<div class=\"pxl-heading-wrap d-flex\">\n    <div class=\"pxl-heading-inner center \">\n                <h2 class=\"heading-title pxl-animate pxl-invisible animated-normal\" data-settings=\"{&quot;animation&quot;:&quot;fadeInUp&quot;,&quot;animation_delay&quot;:300}\">\n                        \u0130htiyac\u0131n\u0131za G\u00f6re Tasarlanm\u0131\u015f Toplant\u0131 Alanlar\u0131         <\/h2>\n            <\/div>\n<\/div>\n\n\t\t\t\t<\/div>\n\t\t\t\t<\/div>\n\t\t\t\t<div class=\"elementor-element elementor-element-be28167 elementor-widget elementor-widget-pxl_text_editor\" data-id=\"be28167\" data-element_type=\"widget\" data-widget_type=\"pxl_text_editor.default\">\n\t\t\t\t<div class=\"elementor-widget-container\">\n\t\t\t\t\t<div id=\"pxl_text_editor-be28167-2939\" class=\"pxl-text-editor-wrap d-flex  pxl-animate pxl-invisible animated-normal\" data-settings=\"{&quot;animation&quot;:&quot;fadeInUp&quot;,&quot;animation_delay&quot;:100}\" >\n\t<div class=\"pxl-text-editor elementor-clearfix\">\n\t\t<p data-start=\"124\" data-end=\"578\">Charisma De Luxe Otel olarak, etkinliklerinizi ve toplant\u0131lar\u0131n\u0131z\u0131 bir ad\u0131m \u00f6teye ta\u015f\u0131mak i\u00e7in kusursuz mekanlar sunuyoruz. Alan\u0131nda uzman ekibimiz ve profesyonel planlamam\u0131zla, her t\u00fcrl\u00fc etkinlik i\u00e7in ihtiyac\u0131n\u0131za \u00f6zel \u00e7\u00f6z\u00fcmler \u00fcretiyoruz. \u0130ster k\u00fc\u00e7\u00fck bir i\u015f g\u00f6r\u00fc\u015fmesi, ister b\u00fcy\u00fck bir organizasyon d\u00fczenliyor olun, her detay en ince ayr\u0131nt\u0131s\u0131na kadar d\u00fc\u015f\u00fcn\u00fclerek size sunuluyor.<\/p><p data-start=\"124\" data-end=\"578\">Toplant\u0131 salonlar\u0131m\u0131z, farkl\u0131 ihtiya\u00e7lara hitap edecek \u015fekilde \u00f6zenle tasarlanm\u0131\u015f \u00fc\u00e7 farkl\u0131 salon se\u00e7ene\u011fi ile kar\u015f\u0131n\u0131zda. <strong data-start=\"703\" data-end=\"718\">Balo Salonu<\/strong>, <strong data-start=\"720\" data-end=\"733\">Club Room<\/strong> ve <strong data-start=\"737\" data-end=\"755\">Executive Room<\/strong> olmak \u00fczere her salonumuz, modern tasar\u0131m\u0131, teknolojik altyap\u0131s\u0131 ve fonksiyonel \u00f6zellikleriyle etkinliklerinizi m\u00fckemmel k\u0131lmak i\u00e7in haz\u0131r. Salonlar\u0131m\u0131z, ihtiyac\u0131n\u0131za g\u00f6re \u015fekillenen esneklik sunar ve her t\u00fcr toplant\u0131, seminer veya etkinlik i\u00e7in en ideal ortam\u0131 sa\u011flar.<\/p>\t\t\n\t<\/div>\n<\/div>\t\t\t\t<\/div>\n\t\t\t\t<\/div>\n\t\t                    <\/div>\r\n        <\/div>\r\n        \t\t\t<\/div>\n\t\t<\/section>\n\t\t        <section class=\"elementor-section elementor-top-section elementor-element elementor-element-93b8f38 elementor-section-boxed elementor-section-height-default elementor-section-height-default pxl-section-static-pos-no pxl-section-overflow-hidden-no pxl-container-margin-auto-no\" data-id=\"93b8f38\" data-element_type=\"section\">\n\n                \n                <div class=\"elementor-container elementor-column-gap-default \">\n                <div class=\"elementor-column elementor-col-100 elementor-top-column elementor-element elementor-element-cafa771 col-offset-none pxl-column-element-default pxl-column-overflow-hidden-no\" data-id=\"cafa771\" data-element_type=\"column\">\r\n        <div class=\"elementor-widget-wrap elementor-element-populated\">\r\n                    \t\t<div class=\"elementor-element elementor-element-8fefc18 pxl-counter-layout2 elementor-widget__width-auto elementor-widget-mobile_extra__width-initial elementor-widget elementor-widget-pxl_counter\" data-id=\"8fefc18\" data-element_type=\"widget\" data-widget_type=\"pxl_counter.default\">\n\t\t\t\t<div class=\"elementor-widget-container\">\n\t\t\t\t\t<div class=\"pxl-counter d-flex-wrap layout-2\">\r\n    <div class=\"counter-inner\">\r\n        <span class=\"counter-number\">\r\n                        <span class=\"pxl-counter-number-value\" data-startnumber=\"1\" data-endnumber=\"3\" data-delimiter=\"\">1<\/span>\r\n                    <\/span>\r\n                    <h4 class=\"counter-title\">Toplant\u0131 odas\u0131<\/h4>\r\n            <\/div>\r\n<\/div>\t\t\t\t<\/div>\n\t\t\t\t<\/div>\n\t\t\t\t<div class=\"elementor-element elementor-element-dad0db6 elementor-widget__width-auto elementor-hidden-mobile_extra elementor-hidden-mobile elementor-widget elementor-widget-pxl_divider\" data-id=\"dad0db6\" data-element_type=\"widget\" data-widget_type=\"pxl_divider.default\">\n\t\t\t\t<div class=\"elementor-widget-container\">\n\t\t\t\t\t<div class=\"pxl-divider vertical  \"><div class=\"pxl-divider-separator\"><\/div><\/div>\t\t\t\t<\/div>\n\t\t\t\t<\/div>\n\t\t\t\t<div class=\"elementor-element elementor-element-5313002 pxl-counter-layout2 elementor-widget__width-auto elementor-widget-mobile_extra__width-initial elementor-widget elementor-widget-pxl_counter\" data-id=\"5313002\" data-element_type=\"widget\" data-widget_type=\"pxl_counter.default\">\n\t\t\t\t<div class=\"elementor-widget-container\">\n\t\t\t\t\t<div class=\"pxl-counter d-flex-wrap layout-2\">\r\n    <div class=\"counter-inner\">\r\n        <span class=\"counter-number\">\r\n                        <span class=\"pxl-counter-number-value\" data-startnumber=\"900\" data-endnumber=\"604\" data-delimiter=\"(,ddd).dd\">900<\/span>\r\n                            <span class=\"counter-number-suffix\"> M<sup>2<\/sup><\/span>\r\n                    <\/span>\r\n                    <h4 class=\"counter-title\">Toplam Etkinlik Alan\u0131<\/h4>\r\n            <\/div>\r\n<\/div>\t\t\t\t<\/div>\n\t\t\t\t<\/div>\n\t\t\t\t<div class=\"elementor-element elementor-element-7a6bb0c elementor-widget__width-auto elementor-hidden-mobile_extra elementor-hidden-mobile elementor-widget elementor-widget-pxl_divider\" data-id=\"7a6bb0c\" data-element_type=\"widget\" data-widget_type=\"pxl_divider.default\">\n\t\t\t\t<div class=\"elementor-widget-container\">\n\t\t\t\t\t<div class=\"pxl-divider vertical  \"><div class=\"pxl-divider-separator\"><\/div><\/div>\t\t\t\t<\/div>\n\t\t\t\t<\/div>\n\t\t\t\t<div class=\"elementor-element elementor-element-7e7d297 pxl-counter-layout2 elementor-widget__width-auto elementor-widget-mobile_extra__width-initial elementor-widget elementor-widget-pxl_counter\" data-id=\"7e7d297\" data-element_type=\"widget\" data-widget_type=\"pxl_counter.default\">\n\t\t\t\t<div class=\"elementor-widget-container\">\n\t\t\t\t\t<div class=\"pxl-counter d-flex-wrap layout-2\">\r\n    <div class=\"counter-inner\">\r\n        <span class=\"counter-number\">\r\n                        <span class=\"pxl-counter-number-value\" data-startnumber=\"100\" data-endnumber=\"850\" data-delimiter=\"\">100<\/span>\r\n                    <\/span>\r\n                    <h4 class=\"counter-title\">Maksimum Kapasite<\/h4>\r\n            <\/div>\r\n<\/div>\t\t\t\t<\/div>\n\t\t\t\t<\/div>\n\t\t\t\t<div class=\"elementor-element elementor-element-045b0d5 elementor-widget__width-auto elementor-hidden-mobile_extra elementor-hidden-mobile elementor-widget elementor-widget-pxl_divider\" data-id=\"045b0d5\" data-element_type=\"widget\" data-widget_type=\"pxl_divider.default\">\n\t\t\t\t<div class=\"elementor-widget-container\">\n\t\t\t\t\t<div class=\"pxl-divider vertical  \"><div class=\"pxl-divider-separator\"><\/div><\/div>\t\t\t\t<\/div>\n\t\t\t\t<\/div>\n\t\t                    <\/div>\r\n        <\/div>\r\n        \t\t\t<\/div>\n\t\t<\/section>\n\t\t        <section class=\"elementor-section elementor-top-section elementor-element elementor-element-02efb4d elementor-section-boxed elementor-section-height-default elementor-section-height-default pxl-section-static-pos-no pxl-section-overflow-hidden-no pxl-container-margin-auto-no\" data-id=\"02efb4d\" data-element_type=\"section\">\n\n                \n                <div class=\"elementor-container elementor-column-gap-default \">\n                <div class=\"elementor-column elementor-col-100 elementor-top-column elementor-element elementor-element-c20c794 col-offset-none pxl-column-element-default pxl-column-overflow-hidden-no\" data-id=\"c20c794\" data-element_type=\"column\">\r\n        <div class=\"elementor-widget-wrap elementor-element-populated\">\r\n                    \t\t<div class=\"elementor-element elementor-element-f83d7e7 elementor-align-center elementor-widget elementor-widget-pxl_button\" data-id=\"f83d7e7\" data-element_type=\"widget\" data-widget_type=\"pxl_button.default\">\n\t\t\t\t<div class=\"elementor-widget-container\">\n\t\t\t\t\t<div id=\"pxl_button-f83d7e7-9081\" class=\"pxl-button-wrapper d-flex-wrap pxl-button-layout1\" >\r\n    <a href=\"tel:+90-545-8285596\" class=\"pxl-btn default icon-ps-right pxl-split-text hover-split-text split-words-scale\">\r\n        <span class=\"pxl-button-text\">HEMEN B\u0130LG\u0130 ALIN<\/span>\r\n            <\/a>\r\n<\/div>\t\t\t\t<\/div>\n\t\t\t\t<\/div>\n\t\t                    <\/div>\r\n        <\/div>\r\n        \t\t\t<\/div>\n\t\t<\/section>\n\t\t        <section class=\"elementor-section elementor-top-section elementor-element elementor-element-0df97d4 elementor-section-full_width elementor-section-height-default elementor-section-height-default pxl-section-offset-none pxl-section-static-pos-no pxl-section-overflow-hidden-no pxl-container-margin-auto-no\" data-id=\"0df97d4\" data-element_type=\"section\">\n\n                \n                <div class=\"elementor-container elementor-column-gap-no \">\n                <div class=\"elementor-column elementor-col-100 elementor-top-column elementor-element elementor-element-4a5dbaf col-offset-none pxl-column-element-default pxl-column-overflow-hidden-no\" data-id=\"4a5dbaf\" data-element_type=\"column\">\r\n        <div class=\"elementor-widget-wrap elementor-element-populated\">\r\n                    \t\t<div class=\"elementor-element elementor-element-f8111d7 elementor-widget elementor-widget-pxl_post_list\" data-id=\"f8111d7\" data-element_type=\"widget\" data-widget_type=\"pxl_post_list.default\">\n\t\t\t\t<div class=\"elementor-widget-container\">\n\t\t\t\t\t\r\n<div id=\"pxl_post_list-f8111d7\" class=\"pxl-grid pxl-post-list post-room-list layout-room-list-5\" data-layout-mode=\"fitRows\" data-start-page=\"1\" data-max-pages=\"1\" data-total=\"2\" data-perpage=\"2\" data-next-link=\"\">\r\n    <div class=\"pxl-grid-overlay\"><\/div>\r\n     \r\n    <div class=\"pxl-grid-inner row relative\"> \r\n                <div class=\"grid-item col-xxl-12 col-xl-12 col-lg-12 col-md-12 col-sm-12 col-12 item-idx-odd\" >\r\n            <div class=\"grid-item-inner item-inner-wrap row gx-0  pxl-animate pxl-invisible animated-normal\" data-settings=\"{&quot;animation&quot;:&quot;fadeInRight&quot;,&quot;animation_delay&quot;:150}\">\r\n                                                    <div class=\"item-featured pxl-featured-carousel col-12 col-lg-6\">\r\n                        <div class=\"pxl-swiper-slider relative pxl-room-gallery-carousel\">\r\n                            <div class=\"pxl-swiper-slider-wrap pxl-carousel-inner overflow-hidden\">\r\n                                <div class=\"pxl-swiper-container\" data-settings=\"{&quot;slide_direction&quot;:&quot;horizontal&quot;,&quot;slide_percolumn&quot;:1,&quot;slide_mode&quot;:&quot;slide&quot;,&quot;slides_to_show_xxl&quot;:1,&quot;slides_to_show&quot;:1,&quot;slides_to_show_lg&quot;:1,&quot;slides_to_show_md&quot;:1,&quot;slides_to_show_sm&quot;:1,&quot;slides_to_show_xs&quot;:1,&quot;slides_to_scroll&quot;:1,&quot;slides_gutter&quot;:0,&quot;arrow&quot;:false,&quot;dots&quot;:true,&quot;dots_style&quot;:&quot;bullets&quot;,&quot;loop&quot;:true,&quot;speed&quot;:500}\" data-rtl=\"ltr\">\r\n                                    <div class=\"pxl-featured-inner pxl-swiper-wrapper swiper-wrapper\">\r\n                                                                            <div class=\"pxl-swiper-slide swiper-slide\">\r\n                                            <div class=\"item-inner-wrap\">\r\n                                                <img decoding=\"async\" src=\"https:\/\/charismahotel.com\/wp-content\/uploads\/2023\/04\/Balo-Salonu-Tiyatro-Duzen-e1739456466169-960x727.jpg\">\r\n                                            <\/div>\r\n                                        <\/div>\r\n                                                                            <div class=\"pxl-swiper-slide swiper-slide\">\r\n                                            <div class=\"item-inner-wrap\">\r\n                                                <img decoding=\"async\" src=\"https:\/\/charismahotel.com\/wp-content\/uploads\/2023\/04\/Balo-Salonu-2-960x727.jpg\">\r\n                                            <\/div>\r\n                                        <\/div>\r\n                                                                            <div class=\"pxl-swiper-slide swiper-slide\">\r\n                                            <div class=\"item-inner-wrap\">\r\n                                                <img decoding=\"async\" src=\"https:\/\/charismahotel.com\/wp-content\/uploads\/2023\/04\/Balo-Salonu-3-960x727.jpg\">\r\n                                            <\/div>\r\n                                        <\/div>\r\n                                                                            <div class=\"pxl-swiper-slide swiper-slide\">\r\n                                            <div class=\"item-inner-wrap\">\r\n                                                <img decoding=\"async\" src=\"https:\/\/charismahotel.com\/wp-content\/uploads\/2023\/04\/Balo-Salonu-6-960x727.jpg\">\r\n                                            <\/div>\r\n                                        <\/div>\r\n                                                                            <div class=\"pxl-swiper-slide swiper-slide\">\r\n                                            <div class=\"item-inner-wrap\">\r\n                                                <img decoding=\"async\" src=\"https:\/\/charismahotel.com\/wp-content\/uploads\/2023\/04\/Ball-Room-4-960x727.jpg\">\r\n                                            <\/div>\r\n                                        <\/div>\r\n                                                                            <div class=\"pxl-swiper-slide swiper-slide\">\r\n                                            <div class=\"item-inner-wrap\">\r\n                                                <img decoding=\"async\" src=\"https:\/\/charismahotel.com\/wp-content\/uploads\/2023\/04\/Balo-Salon-Banquet-Duzen-960x727.jpg\">\r\n                                            <\/div>\r\n                                        <\/div>\r\n                                                                        <\/div>\r\n                                <\/div>\r\n                            <\/div>\r\n                            <div class=\"pxl-swiper-dots style-bullets\"><\/div>\r\n                        <\/div>\r\n                    <\/div>\r\n                                    <div class=\"item-content col-12 col-lg-6\">\r\n                    <div class=\"item-content-inner relative\">\r\n                        <div class=\"title-price d-flex-wrap justify-content-between align-items-center\">\r\n                            <h3 class=\"item-title\"><a href=\"https:\/\/charismahotel.com\/tr\/phb_room_type\/balo-salon\/\">BALO SALON<\/a><\/h3>\r\n                                                    <\/div>\r\n                         \r\n                                                                            <div class=\"item-excerpt\">\r\n                                Balo Salonu, geni\u015f alan\u0131 ve modern tasar\u0131m\u0131yla her organizasyon i\u00e7in ideal bir ortam sunar. Profesyonel ekibimiz, etkinliklerinizi sorunsuz ve kusursuz bir \u015fekilde ger\u00e7ekle\u015ftirir.                            <\/div>\r\n                                                                                                                            <div class=\"item-readmore\">\r\n                                <a href=\"https:\/\/charismahotel.com\/tr\/phb_room_type\/balo-salon\/\" class=\"pxl-btn\">\r\n                                    <span class=\"pxl-button-text\">ODA DETAYLARI<\/span>\r\n                                <\/a>\r\n                            <\/div>\r\n                                            <\/div>\r\n                <\/div>\r\n            <\/div>\r\n        <\/div>\r\n                <div class=\"grid-item col-xxl-12 col-xl-12 col-lg-12 col-md-12 col-sm-12 col-12 item-idx-even\" >\r\n            <div class=\"grid-item-inner item-inner-wrap row gx-0  pxl-animate pxl-invisible animated-normal\" data-settings=\"{&quot;animation&quot;:&quot;fadeInLeft&quot;,&quot;animation_delay&quot;:150}\">\r\n                                                    <div class=\"item-featured pxl-featured-carousel col-12 col-lg-6\">\r\n                        <div class=\"pxl-swiper-slider relative pxl-room-gallery-carousel\">\r\n                            <div class=\"pxl-swiper-slider-wrap pxl-carousel-inner overflow-hidden\">\r\n                                <div class=\"pxl-swiper-container\" data-settings=\"{&quot;slide_direction&quot;:&quot;horizontal&quot;,&quot;slide_percolumn&quot;:1,&quot;slide_mode&quot;:&quot;slide&quot;,&quot;slides_to_show_xxl&quot;:1,&quot;slides_to_show&quot;:1,&quot;slides_to_show_lg&quot;:1,&quot;slides_to_show_md&quot;:1,&quot;slides_to_show_sm&quot;:1,&quot;slides_to_show_xs&quot;:1,&quot;slides_to_scroll&quot;:1,&quot;slides_gutter&quot;:0,&quot;arrow&quot;:false,&quot;dots&quot;:true,&quot;dots_style&quot;:&quot;bullets&quot;,&quot;loop&quot;:true,&quot;speed&quot;:500}\" data-rtl=\"ltr\">\r\n                                    <div class=\"pxl-featured-inner pxl-swiper-wrapper swiper-wrapper\">\r\n                                                                            <div class=\"pxl-swiper-slide swiper-slide\">\r\n                                            <div class=\"item-inner-wrap\">\r\n                                                <img decoding=\"async\" src=\"https:\/\/charismahotel.com\/wp-content\/uploads\/2023\/04\/Club-Room-U-Masa-Duzeni-e1739456566767-960x727.jpg\">\r\n                                            <\/div>\r\n                                        <\/div>\r\n                                                                            <div class=\"pxl-swiper-slide swiper-slide\">\r\n                                            <div class=\"item-inner-wrap\">\r\n                                                <img decoding=\"async\" src=\"https:\/\/charismahotel.com\/wp-content\/uploads\/2023\/04\/Club-Room-2-1-960x727.jpg\">\r\n                                            <\/div>\r\n                                        <\/div>\r\n                                                                        <\/div>\r\n                                <\/div>\r\n                            <\/div>\r\n                            <div class=\"pxl-swiper-dots style-bullets\"><\/div>\r\n                        <\/div>\r\n                    <\/div>\r\n                                    <div class=\"item-content col-12 col-lg-6\">\r\n                    <div class=\"item-content-inner relative\">\r\n                        <div class=\"title-price d-flex-wrap justify-content-between align-items-center\">\r\n                            <h3 class=\"item-title\"><a href=\"https:\/\/charismahotel.com\/tr\/phb_room_type\/club-room\/\">CLUB ROOM<\/a><\/h3>\r\n                                                    <\/div>\r\n                         \r\n                                                                            <div class=\"item-excerpt\">\r\n                                Club Room, ferah alan\u0131, deniz manzaras\u0131 ve \u015f\u0131k tasar\u0131m\u0131yla etkinlikleriniz i\u00e7in idealdir. Teknik ekipmanlar ve profesyonel hizmetle kusursuz organizasyonlar sunar.                            <\/div>\r\n                                                                                                                            <div class=\"item-readmore\">\r\n                                <a href=\"https:\/\/charismahotel.com\/tr\/phb_room_type\/club-room\/\" class=\"pxl-btn\">\r\n                                    <span class=\"pxl-button-text\">ODA DETAYLARI<\/span>\r\n                                <\/a>\r\n                            <\/div>\r\n                                            <\/div>\r\n                <\/div>\r\n            <\/div>\r\n        <\/div>\r\n            <\/div>\r\n    \r\n\r\n            \r\n<\/div>\t\t\t\t<\/div>\n\t\t\t\t<\/div>\n\t\t                    <\/div>\r\n        <\/div>\r\n        \t\t\t<\/div>\n\t\t<\/section>\n\t\t\t\t<\/div>\n\t\t","protected":false},"excerpt":{"rendered":"<p>\u0130htiyac\u0131n\u0131za G\u00f6re Tasarlanm\u0131\u015f Toplant\u0131 Alanlar\u0131 Charisma De Luxe Otel olarak, etkinliklerinizi ve toplant\u0131lar\u0131n\u0131z\u0131 bir ad\u0131m \u00f6teye ta\u015f\u0131mak i\u00e7in kusursuz mekanlar sunuyoruz. Alan\u0131nda uzman ekibimiz ve profesyonel planlamam\u0131zla, her t\u00fcrl\u00fc etkinlik i\u00e7in ihtiyac\u0131n\u0131za \u00f6zel \u00e7\u00f6z\u00fcmler \u00fcretiyoruz. \u0130ster k\u00fc\u00e7\u00fck bir i\u015f g\u00f6r\u00fc\u015fmesi, ister b\u00fcy\u00fck bir organizasyon d\u00fczenliyor olun, her detay en ince ayr\u0131nt\u0131s\u0131na kadar d\u00fc\u015f\u00fcn\u00fclerek size sunuluyor. [&hellip;]<\/p>\n","protected":false},"author":1,"featured_media":0,"parent":0,"menu_order":0,"comment_status":"closed","ping_status":"closed","template":"","meta":{"_uag_custom_page_level_css":"","_monsterinsights_skip_tracking":false,"_monsterinsights_sitenote_active":false,"_monsterinsights_sitenote_note":"","_monsterinsights_sitenote_category":0,"footnotes":""},"class_list":["post-20819","page","type-page","status-publish","hentry"],"aioseo_notices":[],"uagb_featured_image_src":{"full":false,"thumbnail":false,"medium":false,"medium_large":false,"large":false,"1536x1536":false,"2048x2048":false,"post-thumbnail":false,"thumbnail-rect":false,"user-profile":false,"woocommerce_thumbnail":false,"woocommerce_single":false,"woocommerce_gallery_thumbnail":false},"uagb_author_info":{"display_name":"charisma_admin","author_link":"https:\/\/charismahotel.com\/tr\/author\/charisma_admin\/"},"uagb_comment_info":0,"uagb_excerpt":"\u0130htiyac\u0131n\u0131za G\u00f6re Tasarlanm\u0131\u015f Toplant\u0131 Alanlar\u0131 Charisma De Luxe Otel olarak, etkinliklerinizi ve toplant\u0131lar\u0131n\u0131z\u0131 bir ad\u0131m \u00f6teye ta\u015f\u0131mak i\u00e7in kusursuz mekanlar sunuyoruz. Alan\u0131nda uzman ekibimiz ve profesyonel planlamam\u0131zla, her t\u00fcrl\u00fc etkinlik i\u00e7in ihtiyac\u0131n\u0131za \u00f6zel \u00e7\u00f6z\u00fcmler \u00fcretiyoruz. \u0130ster k\u00fc\u00e7\u00fck bir i\u015f g\u00f6r\u00fc\u015fmesi, ister b\u00fcy\u00fck bir organizasyon d\u00fczenliyor olun, her detay en ince ayr\u0131nt\u0131s\u0131na kadar d\u00fc\u015f\u00fcn\u00fclerek size sunuluyor.&hellip;","_links":{"self":[{"href":"https:\/\/charismahotel.com\/tr\/wp-json\/wp\/v2\/pages\/20819","targetHints":{"allow":["GET"]}}],"collection":[{"href":"https:\/\/charismahotel.com\/tr\/wp-json\/wp\/v2\/pages"}],"about":[{"href":"https:\/\/charismahotel.com\/tr\/wp-json\/wp\/v2\/types\/page"}],"author":[{"embeddable":true,"href":"https:\/\/charismahotel.com\/tr\/wp-json\/wp\/v2\/users\/1"}],"replies":[{"embeddable":true,"href":"https:\/\/charismahotel.com\/tr\/wp-json\/wp\/v2\/comments?post=20819"}],"version-history":[{"count":4,"href":"https:\/\/charismahotel.com\/tr\/wp-json\/wp\/v2\/pages\/20819\/revisions"}],"predecessor-version":[{"id":22043,"href":"https:\/\/charismahotel.com\/tr\/wp-json\/wp\/v2\/pages\/20819\/revisions\/22043"}],"wp:attachment":[{"href":"https:\/\/charismahotel.com\/tr\/wp-json\/wp\/v2\/media?parent=20819"}],"curies":[{"name":"wp","href":"https:\/\/api.w.org\/{rel}","templated":true}]}}